{"id":5610,"date":"2019-07-25T02:38:00","date_gmt":"2019-07-25T02:38:00","guid":{"rendered":"http:\/\/tmctravelsg.com\/?page_id=5610"},"modified":"2019-07-29T09:31:38","modified_gmt":"2019-07-29T09:31:38","slug":"expense-for-study-in-singapore","status":"publish","type":"page","link":"http:\/\/tmctravelsg.com\/en\/expense-for-study-in-singapore\/","title":{"rendered":"Expense for study in Singapore"},"content":{"rendered":"\n<p>Singapore l\u00e0 m\u1ed9t n\u01b0\u1edbc n\u1eb1m  trong khu v\u1ef1c \u0110\u00f4ng Nam A. Cu\u1ed9c s\u1ed1ng t\u1ea1i \u0111\u00e2y l\u1ea1i c\u00f3 nhi\u1ec1u n\u00e9t t\u01b0\u01a1ng \u0111\u1ed3ng  v\u1edbi Vi\u1ec7t Nam v\u00e0 ch\u1ec9 v\u1edbi 2 \u0111\u1ebfn 3 gi\u1edd bay h\u1ecdc sinh, sinh vi\u00ean du h\u1ecdc  Singapore c\u00f3 th\u1ec3 v\u1ec1 n\u01b0\u1edbc g\u1eb7p gia \u0111\u00ecnh, ng\u01b0\u1eddi th\u00e2n. Thu\u1eadn l\u1ee3i v\u1ec1 \u0111\u1ecba  l\u00fd,\u0111<\/p>\n\n\n\n<p>Singapore is a country \nlocated in South East A. Life here is similar to Vietnam and only 2 to 3\n hours flying students, Singapore students can return home to meet \nfamily, people. Dear. Geographic advantage, human and international \nqualifications make Singapore become an ideal destination for Vietnamese\n students.<\/p>\n\n\n\n<p>The most basic, most \nimportant is still the cost of studying. The cost of studying in \nSingapore is more expensive than some countries in the region but the \ncost of study is still cheaper in many European countries, America from 3\n to 4 times. On the other hand, certificates, diplomas and training \nqualities are not inferior to any advanced country because of the \nlinkages, links and synergy of Eurasian knowledge in schools.<\/p>\n\n\n\n<p>If the family is financially able for their children to study, \nresearch, it is important to choose the school and the field of study to\n suit the abilities and talents of international students studying in \nSingapore. Families who are not financially supported should seek \nassistance from banks under the \u201cstudy credit\u201d scheme with preferential \nrates or loans from Singapore universities and colleges. These schools \noffer tuition fees ranging from 75% to 80% of tuition fees through the \nMinistry of Education\u2019s Singapore Tuition Loans Program. Many \nuniversities offer loans directly to students from Singapore through \nbanks. Singapore students are obliged to start repaying their loans when\n they complete the program. Often students have about 1 year to find a \njob after graduation to get a loan.<\/p>\n\n\n\n<p><strong>Expenses for study in Singapore for one month<\/strong><\/p>\n\n\n\n<table class=\"wp-block-table\"><tbody><tr><td>\n<strong>Cost<\/strong>\n<\/td><td>\n<strong>One month\u2019s tuition fee (in Singapore dollars)<\/strong>\n<\/td><\/tr><tr><td>\nHouse\n<\/td><td>\n2 Persons \/ Room: $ 800-950 \/ 1 student<br>\n\/ person: $ 400-450 \/ 1 student<br>\n6&nbsp;person \/ room: $ 350\/1&nbsp;student<br>\n(depending on type of accommodation and number of people staying together)\n<\/td><\/tr><tr><td>\nPublic transportation (bus and train)\n<\/td><td>\n$ 50 \u2013 $ 150 (depending on how long you travel)\n<\/td><\/tr><tr><td>\nFood (eat, drink)\n<\/td><td>\n$ 500 \u2013 $ 600 (about $ 15 \u2013 $ 20 per day)\n<\/td><\/tr><tr><td>\nPhone\n<\/td><td>\n$ 20 \u2013 $ 40 ($ 10 you can call 5 hours and also depends on number of calls)\n<\/td><\/tr><tr><td>\nBooks and school supplies\n<\/td><td>\n$ 40 \u2013 $ 100 (depending on your course)\n<\/td><\/tr><tr><td>\nPersonal costs\n<\/td><td>\n$ 200 \u2013 $ 300 (depending on your needs)\n<\/td><\/tr><\/tbody><\/table>\n\n\n\n<p><strong>Study fees in Singapore<\/strong><\/p>\n\n\n\n<p>High School<br>\n\u2013 Public School: SGD 2,500 \u2013 SGD 3,500 \/ session<br>\n\u2013 Private School: SGD 9,500 \u2013 SGD 11,500 \/ session<\/p>\n\n\n\n<p>College Program:&nbsp;&nbsp;SGD 7,000-SGD-SGD 10,000<\/p>\n\n\n\n<p>Advanced Diploma Programs:&nbsp;&nbsp;6,900 SGD -12.000SGD \/ lock<br>\nUniversity Program:&nbsp;&nbsp;16,800 SGD -23,200 SGD \/ lock<br>\nprogram graduate:&nbsp;&nbsp;21,000 SGD -24,200 SGD \/ hard<br>\nTuition English:&nbsp;&nbsp;1,000 SGD \u2013 9,750 SGD \/ lock up<\/p>\n\n\n\n<p>Note: Tuition fees depend on the school you choose<\/p>\n\n\n\n<p>Expenses for studying in Singapore include meals, \naccommodation, travel expenses, pocket money \u2026 ranging from SGD 700 to \nSGD 1300 per month.&nbsp;Singapore students travel mainly by subway or \nbus.&nbsp;Singapore\u2019s public transport system is very convenient.<\/p>\n\n\n\n<p><strong>Medical Expenses for International Students<\/strong><br>\nMedical and health insurance is compulsory for all international \nstudents enrolled in Singapore.&nbsp;The cost will be SGD $ 45 a year and \ninternational students will be paid for all medical expenses during \ntheir stay in school.<\/p>\n\n\n\n<p>Students who are enrolled in Singapore will need to \nhave a thorough medical check-up, especially with a TB-free health \ncertificate and HIV.&nbsp;Public health clinics provide health care services \nmuch cheaper than private clinics.&nbsp;International students will only have\n to pay $ 15 for each visit, but must show their student ID.<\/p>\n\n\n\n<p>Singapore is one of the lowest crime rates in the \nworld.&nbsp;Small crimes like pickpockets, theft in the streets, airports, \ntourist spots, hotels, public transport and violence are rare.<\/p>\n\n\n\n<p>Singapore also banned the import of large quantities \nof chewing gum and toilets without pouring water.&nbsp;The law on the use and\n import of opium is also very harsh, you can be arrested even if you \nknow the user, the drug trade as well as the death penalty if the bulk \ntrade<\/p>\n\n\n\n<p>For more detailed information on each school\u2019s \ntuition fees or to prepare your application, please contact ISC-UKEAS \ndirectly for free!<\/p>\n\n\n\n<p>\u1ea5t n\u01b0\u1edbc con ng\u01b0\u1eddi v\u00e0 tr\u00ecnh \u0111\u1ed9 b\u1eb1ng c\u1ea5p \u0111\u01b0\u1ee3c qu\u1ed1c t\u1ebf c\u00f4ng nh\u1eadn khi\u1ebfn  cho Singapore tr\u1edf th\u00e0nh \u0111i\u1ec3m \u0111\u1ebfn l\u00fd t\u01b0\u1edfng \u0111\u1ed1i v\u1edbi c\u00e1c Du h\u1ecdc sinh Vi\u1ec7t.<\/p>\n\n\n\n<p>\u0110i\u1ec1u c\u01a1 b\u1ea3n nh\u1ea5t, \u0111\u00e1ng quan\n t\u00e2m nh\u1ea5t v\u1eabn l\u00e0 chi ph\u00ed du h\u1ecdc. Chi ph\u00ed du h\u1ecdc Singapore tuy \u0111\u1eaft h\u01a1n \nm\u1ed9t s\u1ed1 n\u01b0\u1edbc trong khu v\u1ef1c nh\u01b0ng chi ph\u00ed h\u1ecdc t\u1eadp v\u1eabn r\u1ebb h\u01a1n t\u1ea1i nhi\u1ec1u \nn\u01b0\u1edbc ch\u00e2u \u00c2u, ch\u00e2u M\u1ef9 t\u1eeb 3 \u0111\u1ebfn 4 l\u1ea7n. M\u1eb7t kh\u00e1c, c\u00e1c ch\u1ee9ng ch\u1ec9, b\u1eb1ng c\u1ea5p \nv\u00e0 ch\u1ea5t l\u01b0\u1ee3ng \u0111\u00e0o t\u1ea1o kh\u00f4ng thua k\u00e9m b\u1ea5t k\u1ef3 m\u1ed9t n\u01b0\u1edbc ti\u00ean ti\u1ebfn n\u00e0o, b\u1edfi \nl\u1ebd c\u00f3 s\u1ef1 li\u00ean th\u00f4ng, li\u00ean k\u1ebft v\u00e0 k\u1ebft h\u1ee3p ki\u1ebfn th\u1ee9c \u00c1 \u2013 \u00c2u t\u1ea1i c\u00e1c tr\u01b0\u1eddng\n h\u1ecdc.<\/p>\n\n\n\n<p>N\u1ebfu gia \u0111\u00ecnh c\u00f3 \u0111\u1ee7 \u0111i\u1ec1u \nki\u1ec7n t\u00e0i ch\u00ednh cho con em h\u1ecdc t\u1eadp, nghi\u00ean c\u1ee9u, c\u1ea7n quan t\u00e2m \u0111\u1ebfn vi\u1ec7c \nch\u1ecdn tr\u01b0\u1eddng v\u00e0 ng\u00e0nh h\u1ecdc cho ph\u00f9 h\u1ee3p v\u1edbi kh\u1ea3 n\u0103ng, n\u0103ng khi\u1ebfu c\u1ee7a du h\u1ecdc\n sinh du h\u1ecdc Singapore. Nh\u1eefng gia \u0111\u00ecnh kh\u00f4ng \u0111\u1ee7 kinh ph\u00ed n\u00ean nh\u1edd \u0111\u1ebfn s\u1ef1 \nh\u1ed7 tr\u1ee3 c\u1ee7a c\u00e1c ng\u00e2n h\u00e0ng theo ch\u1ebf \u0111\u1ed9 vay \u201dt\u00edn d\u1ee5ng du h\u1ecdc\u201d v\u1edbi m\u1ee9c \u01b0u \n\u0111\u00e3i ho\u1eb7c vay ti\u1ec1n h\u1ecdc ph\u00ed c\u1ee7a c\u00e1c tr\u01b0\u1eddng \u0111\u1ea1i h\u1ecdc v\u00e0 cao \u0111\u1eb3ng Singapore. \nC\u00e1c tr\u01b0\u1eddng n\u00e0y \u0111\u1ec1u c\u00f3 ch\u1ebf \u0111\u1ed9 cho vay h\u1ecdc ph\u00ed du h\u1ecdc singapore t\u1eeb 75% \u0111\u1ebfn\n 80% t\u1ed5ng kinh ph\u00ed th\u00f4ng qua Ch\u01b0\u01a1ng tr\u00ecnh cho vay h\u1ecdc ph\u00ed du h\u1ecdc \nSingapore c\u1ee7a B\u1ed9 Gi\u00e1o d\u1ee5c. Nhi\u1ec1u tr\u01b0\u1eddng \u0111\u1ea1i h\u1ecdc c\u00f3 th\u1ec3 cho sinh vi\u00ean du \nh\u1ecdc Singapore vay tr\u1ef1c ti\u1ebfp th\u00f4ng qua ng\u00e2n h\u00e0ng. Sinh vi\u00ean du h\u1ecdc \nSingapore c\u00f3 ngh\u0129a v\u1ee5 b\u1eaft \u0111\u1ea7u tr\u1ea3 l\u1ea1i ti\u1ec1n vay khi h\u1ecdc xong ch\u01b0\u01a1ng \ntr\u00ecnh. Th\u01b0\u1eddng th\u00ec sinh vi\u00ean c\u00f3 kho\u1ea3ng 1 n\u0103m \u0111\u1ec3 t\u00ecm c\u00f4ng vi\u1ec7c sau khi t\u1ed1t\n nghi\u1ec7p \u0111\u1ec3 c\u00f3 ti\u1ec1n tr\u1ea3 n\u1ee3. Ngo\u00e0i vi\u1ec7c cho vay h\u1ecdc ph\u00ed du h\u1ecdc Singapore, \nm\u1ed9t s\u1ed1 tr\u01b0\u1eddng c\u00f2n cho vay \u0111\u1ec3 mua \u0111\u1ed3 d\u00f9ng h\u1ecdc t\u1eadp, nghi\u00ean c\u1ee9u nh\u01b0 m\u00e1y vi \nt\u00ednh, s\u00e1ch v\u1edf\u2026<\/p>\n\n\n\n<p><strong>Chi ph\u00ed du h\u1ecdc Singapore trong m\u1ed9t th\u00e1ng<\/strong><\/p>\n\n\n\n<table class=\"wp-block-table\"><tbody><tr><td>\n<strong>Chi ph\u00ed<\/strong>\n<\/td><td>\n<strong>Chi ph\u00ed du h\u1ecdc c\u1ee7a m\u1ed9t th\u00e1ng (t\u00ednh theo \u0111\u00f4 la Singapore)<\/strong>\n<\/td><\/tr><tr><td>\nNh\u00e0 \u1edf\n<\/td><td>\n2 Ng\u01b0\u1eddi \/ ph\u00f2ng: $800-950\/1 h\u1ecdc sinh<br>\n4 Ng\u01b0\u1eddi \/ ph\u00f2ng: $400-450\/1 h\u1ecdc sinh<br>\n6 Ng\u01b0\u1eddi \/ ph\u00f2ng: $350\/1 h\u1ecdc sinh<br>\n(t\u00f9y thu\u1ed9c v\u00e0o lo\u1ea1i nh\u00e0 \u1edf v\u00e0 s\u1ed1 l\u01b0\u1ee3ng Ng\u01b0\u1eddi \u1edf c\u00f9ng nhau)\n<\/td><\/tr><tr><td>\n\u0110i l\u1ea1i b\u1eb1ng ph\u01b0\u01a1ng ti\u1ec7n c\u00f4ng c\u1ed9ng (xe bus v\u00e0 train)\n<\/td><td>\n$50 \u2013 $150 (t\u00f9y thu\u1ed9c v\u00e0o ch\u1eb7ng \u0111\u01b0\u1eddng b\u1ea1n di chuy\u1ec3n)\n<\/td><\/tr><tr><td>\nTh\u1ef1c ph\u1ea9m (\u0103n,u\u1ed1ng)\n<\/td><td>\n$500 \u2013 $600 (kho\u1ea3ng $15 \u2013 $20 tr\u00ean m\u1ed9t ng\u00e0y)\n<\/td><\/tr><tr><td>\n\u0110i\u1ec7n tho\u1ea1i\n<\/td><td>\n$20 \u2013 $40 ($10 b\u1ea1n c\u00f3 th\u1ec3 g\u1ecdi 5 gi\u1edd v\u00e0 c\u0169ng t\u00f9y thu\u1ed9c v\u00e0o s\u1ed1 l\u1ea7n b\u1ea1n g\u1ecdi)\n<\/td><\/tr><tr><td>\nS\u00e1ch v\u00e0 d\u1ee5ng c\u1ee5 h\u1ecdc t\u1eadp\n<\/td><td>\n$40 \u2013 $100 (t\u00f9y thu\u1ed9c v\u00e0o kh\u00f3a h\u1ecdc c\u1ee7a b\u1ea1n)\n<\/td><\/tr><tr><td>\nChi ph\u00ed c\u00e1 nh\u00e2n\n<\/td><td>\n$200 \u2013 $300 (t\u00f9y thu\u1ed9c v\u00e0o nhu c\u1ea7u c\u1ee7a b\u1ea1n)\n<\/td><\/tr><\/tbody><\/table>\n\n\n\n<p><strong>H\u1ecdc ph\u00ed du h\u1ecdc Singapore<\/strong><\/p>\n\n\n\n<p>Ch\u01b0\u01a1ng tr\u00ecnh ph\u1ed5 th\u00f4ng trung h\u1ecdc<br>\n\u2013 Tr\u01b0\u1eddng c\u00f4ng: 2.500 SGD \u2013 3.500 SGD \/kh\u00f3a<br>\n\u2013 Tr\u01b0\u1eddng t\u01b0: 9.500 SGD \u2013 11.500 SGD\/kh\u00f3a<\/p>\n\n\n\n<p>Ch\u01b0\u01a1ng tr\u00ecnh Cao \u0111\u1eb3ng:&nbsp;7.000 SGD \u201310.000SGD \/ kh\u00f3a<\/p>\n\n\n\n<p>Ch\u01b0\u01a1ng tr\u00ecnh Cao \u0111\u1eb3ng n\u00e2ng cao:&nbsp;6.900 SGD \u201312.000SGD \/ kh\u00f3a<br>\nCh\u01b0\u01a1ng tr\u00ecnh \u0110\u1ea1i h\u1ecdc :&nbsp;16.800 SGD \u201323.200 SGD \/ kh\u00f3a<br>\nCh\u01b0\u01a1ng tr\u00ecnh sau \u0110\u1ea1i h\u1ecdc :&nbsp;21.000 SGD \u201324.200 SGD \/ kh\u00f3<br>\nH\u1ecdc ph\u00ed Anh v\u0103n :&nbsp;1.000 SGD \u2013 9.750 SGD \/ kh\u00f3a<\/p>\n\n\n\n<p>L\u01b0u \u00fd: H\u1ecdc ph\u00ed ph\u1ee5 thu\u1ed9c v\u00e0o tr\u01b0\u1eddng b\u1ea1n l\u1ef1a ch\u1ecdn<\/p>\n\n\n\n<p>Chi ph\u00ed du h\u1ecdc Singapore \nbao g\u1ed3m c\u1ea3 ti\u1ec1n \u0103n, \u1edf, \u0111i l\u1ea1i, ti\u00eau v\u1eb7t\u2026 dao \u0111\u1ed9ng t\u1eeb 700 SGD \u0111\u1ebfn 1.300 \nSGD \/ th\u00e1ng. Sinh vi\u00ean du h\u1ecdc Singapore \u0111i l\u1ea1i ch\u1ee7 y\u1ebfu b\u1eb1ng t\u00e0u \u0111i\u1ec7n \nng\u1ea7m ho\u1eb7c xe bu\u00fdt. H\u1ec7 th\u1ed1ng giao th\u00f4ng c\u00f4ng c\u1ed9ng c\u1ee7a Singapore r\u1ea5t thu\u1eadn\n ti\u1ec7n.<\/p>\n\n\n\n<p><strong>Chi ph\u00ed b\u1ea3o hi\u1ec3m y t\u1ebf cho du h\u1ecdc sinh<\/strong><br>\nChi ph\u00ed b\u1ea3o hi\u1ec3m y t\u1ebf v\u00e0 b\u1ea3o hi\u1ec3m s\u1ee9c kh\u1ecfe l\u00e0 b\u1eaft bu\u1ed9c \u0111\u1ed1i v\u1edbi t\u1ea5t c\u1ea3 \nc\u00e1c du h\u1ecdc sinh \u0111i h\u1ecdc t\u1ea1i Singapore. Chi ph\u00ed b\u1ea3o hi\u1ec3m s\u1ebd t\u1ea7m $45 SGD \nm\u1ed9t n\u0103m v\u00e0 du h\u1ecdc sinh s\u1ebd \u0111\u01b0\u1ee3c thanh to\u00e1n t\u1ea5t c\u1ea3 chi ph\u00ed y t\u1ebf trong th\u1eddi\n gian c\u00f2n \u0111i h\u1ecdc<\/p>\n\n\n\n<p>H\u1ecdc sinh tr\u01b0\u1edbc khi v\u00e0o h\u1ecdc \nt\u1ea1i Singapore s\u1ebd ph\u1ea3i ki\u1ec3m tra s\u1ee9c kh\u1ecfe k\u1ef9 c\u00e0ng, \u0111\u1eb7c bi\u1ec7t ph\u1ea3i c\u00f3 gi\u1ea5y \nkh\u00e1m s\u1ee9c kh\u1ecfe ch\u1ee9ng nh\u1eadn kh\u00f4ng m\u1eafc b\u1ec7nh lao v\u00e0 HIV. Ph\u00f2ng kh\u00e1m \u0111a khoa \nc\u00f4ng c\u1ed9ng cung c\u1ea5p c\u00e1c d\u1ecbch v\u1ee5 ch\u0103m s\u00f3c s\u1ee9c kh\u1ecfe r\u1ebb h\u01a1n nhi\u1ec1u so v\u1edbi c\u00e1c\n b\u1ec7nh vi\u1ec7n t\u01b0. C\u00e1c du h\u1ecdc sinh s\u1ebd ch\u1ec9 ph\u1ea3i tr\u1ea3 $15 cho m\u1ed7i l\u1ea7n kh\u00e1m, \nnh\u01b0ng ph\u1ea3i xu\u1ea5t tr\u00ecnh th\u1ebb sinh vi\u00ean.<\/p>\n\n\n\n<p>Singapore l\u00e0 m\u1ed9t trong \nnh\u1eefng n\u01b0\u1edbc c\u00f3 t\u1ec9 l\u1ec7 t\u1ed9i ph\u1ea1m th\u1ea5p nh\u1ea5t th\u1ebf gi\u1edbi. Nh\u1eefng t\u1ed9i nh\u1ecf nh\u01b0 m\u00f3c \nt\u00fai, tr\u1ed9m c\u1eafp t\u1ea1i \u0111\u01b0\u1eddng ph\u1ed1, s\u00e2n bay, \u0111i\u1ec3m du l\u1ecbch, kh\u00e1ch s\u1ea1n, giao \nth\u00f4ng c\u00f4ng c\u1ed9ng v\u00e0 b\u1ea1o l\u1ef1c r\u1ea5t hi\u1ebfm khi x\u1ea3y ra.<\/p>\n\n\n\n<p>Singapore c\u0169ng c\u1ea5m nh\u1eadp \nkh\u1ea9u s\u1ed1 l\u01b0\u1ee3ng l\u1edbn k\u1eb9o cao su v\u00e0 \u0111i toilet m\u00e0 kh\u00f4ng d\u1ed9i n\u01b0\u1edbc c\u0169ng s\u1ebd b\u1ecb \nph\u1ea1t n\u1eb7ng. Lu\u1eadt v\u1ec1 s\u1eed d\u1ee5ng v\u00e0 nh\u1eadp kh\u1ea9u thu\u1ed1c phi\u1ec7n c\u0169ng r\u1ea5t h\u00e0 kh\u1eafc, \nb\u1ea1n c\u00f3 th\u1ec3 b\u1ecb b\u1eaft gi\u1eef k\u1ec3 c\u1ea3 khi quen bi\u1ebft v\u1edbi ng\u01b0\u1eddi s\u1eed d\u1ee5ng, bu\u00f4n b\u00e1n \nch\u1ea5t ma t\u00fay c\u0169ng nh\u01b0 nh\u1eadn \u00e1n t\u1eed h\u00ecnh n\u1ebfu bu\u00f4n b\u00e1n s\u1ed1 l\u01b0\u1ee3ng l\u1edbn<\/p>\n\n\n\n<p>\u0110\u1ec3 bi\u1ebft th\u00eam th\u00f4ng tin chi \nti\u1ebft v\u1ec1 h\u1ecdc ph\u00ed c\u1ee7a t\u1eebng tr\u01b0\u1eddng hay chu\u1ea9n b\u1ecb h\u1ed3 s\u01a1 du h\u1ecdc, vui l\u00f2ng li\u00ean\n h\u1ec7 ISC-UKEAS tr\u1ef1c ti\u1ebfp ho\u00e0n to\u00e0n mi\u1ec5n ph\u00ed!<\/p>\n","protected":false},"excerpt":{"rendered":"<p>Singapore l\u00e0 m\u1ed9t n\u01b0\u1edbc n\u1eb1m trong khu v\u1ef1c \u0110\u00f4ng Nam A. Cu\u1ed9c s\u1ed1ng t\u1ea1i \u0111\u00e2y l\u1ea1i c\u00f3 nhi\u1ec1u n\u00e9t t\u01b0\u01a1ng \u0111\u1ed3ng v\u1edbi Vi\u1ec7t Nam v\u00e0 ch\u1ec9 v\u1edbi 2 \u0111\u1ebfn 3 gi\u1edd bay h\u1ecdc sinh, sinh vi\u00ean du h\u1ecdc Singapore c\u00f3 th\u1ec3 v\u1ec1 n\u01b0\u1edbc g\u1eb7p gia \u0111\u00ecnh, ng\u01b0\u1eddi th\u00e2n. Thu\u1eadn l\u1ee3i v\u1ec1 \u0111\u1ecba l\u00fd,\u0111 Singapore is [&hellip;]<\/p>\n","protected":false},"author":1,"featured_media":0,"parent":0,"menu_order":0,"comment_status":"closed","ping_status":"closed","template":"","meta":{"footnotes":""},"_links":{"self":[{"href":"http:\/\/tmctravelsg.com\/en\/wp-json\/wp\/v2\/pages\/5610"}],"collection":[{"href":"http:\/\/tmctravelsg.com\/en\/wp-json\/wp\/v2\/pages"}],"about":[{"href":"http:\/\/tmctravelsg.com\/en\/wp-json\/wp\/v2\/types\/page"}],"author":[{"embeddable":true,"href":"http:\/\/tmctravelsg.com\/en\/wp-json\/wp\/v2\/users\/1"}],"replies":[{"embeddable":true,"href":"http:\/\/tmctravelsg.com\/en\/wp-json\/wp\/v2\/comments?post=5610"}],"version-history":[{"count":3,"href":"http:\/\/tmctravelsg.com\/en\/wp-json\/wp\/v2\/pages\/5610\/revisions"}],"predecessor-version":[{"id":5704,"href":"http:\/\/tmctravelsg.com\/en\/wp-json\/wp\/v2\/pages\/5610\/revisions\/5704"}],"wp:attachment":[{"href":"http:\/\/tmctravelsg.com\/en\/wp-json\/wp\/v2\/media?parent=5610"}],"curies":[{"name":"wp","href":"https:\/\/api.w.org\/{rel}","templated":true}]}}